{"id":1567,"date":"2019-11-28T10:09:24","date_gmt":"2019-11-28T09:09:24","guid":{"rendered":"https:\/\/www.m4.nu\/?page_id=1567"},"modified":"2021-06-11T10:50:18","modified_gmt":"2021-06-11T08:50:18","slug":"m4-framtidens-konsultbolag","status":"publish","type":"page","link":"https:\/\/www.m4.nu\/en\/","title":{"rendered":"m4 &#8211; The consulting company of the future"},"content":{"rendered":"        <div id=\"wp-block-dynamic-cases\"\n             class=\"wrapper alignfull \">\n                    <\/div>\n        \n\n        <div id=\"wp-block-dynamic-cases\"\n             class=\"wrapper alignfull \">\n                            <article class=\"dynamic-cases-single\"\n                         style=\"background: url('https:\/\/www.m4.nu\/wp-content\/uploads\/2019\/11\/samuel-zeller-158996-unsplash-scaled.jpg');\n                                 background-size:cover;\n                                 background-position: center center;\n                                 background-repeat: no-repeat;\">\n                    <div class=\"overlay\"><\/div>\n                    <div class=\"content-wrapper\">\n                        <h3 >Assignment Virtual Reality<\/h3>\n                        <div class=\"post-content\">\n                            <h1 style=\"color:#f2ff00\">&#8220;from cool to tool\u201d<\/h1>\n                        <\/div>\n                        <div class=\"post-button\">\n                            <a href=\"https:\/\/www.m4.nu\/en\/assignment\/virtual-reality\/\">\n                                <span>Read more<\/span>\n                            <\/a>\n                        <\/div>\n                    <\/div>\n                <\/article>\n                            <article class=\"dynamic-cases-single\"\n                         style=\"background: url('https:\/\/www.m4.nu\/wp-content\/uploads\/2020\/01\/xx3U1A4328x.jpg');\n                                 background-size:cover;\n                                 background-position: center center;\n                                 background-repeat: no-repeat;\">\n                    <div class=\"overlay\"><\/div>\n                    <div class=\"content-wrapper\">\n                        <h3 >Assignment Verification<\/h3>\n                        <div class=\"post-content\">\n                            <h1 style=\"color:#00a2ff\">Safety and convenience<\/h1>\n                        <\/div>\n                        <div class=\"post-button\">\n                            <a href=\"https:\/\/www.m4.nu\/en\/assignment\/verification\/\">\n                                <span>Read more<\/span>\n                            <\/a>\n                        <\/div>\n                    <\/div>\n                <\/article>\n                            <article class=\"dynamic-cases-single\"\n                         style=\"background: url('https:\/\/www.m4.nu\/wp-content\/uploads\/2020\/06\/photo-1578941031742-84fad46aac3d.jpg');\n                                 background-size:cover;\n                                 background-position: center center;\n                                 background-repeat: no-repeat;\">\n                    <div class=\"overlay\"><\/div>\n                    <div class=\"content-wrapper\">\n                        <h3 >Assignment System development<\/h3>\n                        <div class=\"post-content\">\n                            <h1 style=\"color:#ff0000\">Security in software<\/h1>\n                        <\/div>\n                        <div class=\"post-button\">\n                            <a href=\"https:\/\/www.m4.nu\/en\/assignment\/system-development\/\">\n                                <span>Read more<\/span>\n                            <\/a>\n                        <\/div>\n                    <\/div>\n                <\/article>\n                    <\/div>\n        \n\n\n<div class=\"wp-block-group alignfull\"><div class=\"wp-block-group__inner-container is-layout-flow wp-block-group-is-layout-flow\">\n<div class=\"wp-block-columns alignfull is-style-default no-margin-columns is-layout-flex wp-container-core-columns-is-layout-9d6595d7 wp-block-columns-is-layout-flex\">\n<div class=\"wp-block-column is-layout-flow wp-block-column-is-layout-flow\">\n<div class=\"wp-block-group alignfull is-style-remove-padding-group has-background\" style=\"background-color:#ffffff\"><div class=\"wp-block-group__inner-container is-layout-flow wp-block-group-is-layout-flow\">\n<div class=\"wp-block-group alignwide\"><div class=\"wp-block-group__inner-container is-layout-flow wp-block-group-is-layout-flow\">\n<h1 class=\"has-text-align-center wp-block-heading\"><strong>News<\/strong><\/h1>\n\n\n<ul class=\"wp-block-latest-posts__list is-grid columns-2 is-style-m4-news-list no-padding-top wp-block-latest-posts\"><li><div class=\"wp-block-latest-posts__featured-image\"><img loading=\"lazy\" decoding=\"async\" width=\"300\" height=\"225\" src=\"https:\/\/www.m4.nu\/wp-content\/uploads\/2024\/11\/gasamiddag-300x225.jpg\" class=\"attachment-medium size-medium wp-post-image\" alt=\"\" style=\"\" srcset=\"https:\/\/www.m4.nu\/wp-content\/uploads\/2024\/11\/gasamiddag-300x225.jpg 300w, https:\/\/www.m4.nu\/wp-content\/uploads\/2024\/11\/gasamiddag-1024x768.jpg 1024w, https:\/\/www.m4.nu\/wp-content\/uploads\/2024\/11\/gasamiddag-768x576.jpg 768w, https:\/\/www.m4.nu\/wp-content\/uploads\/2024\/11\/gasamiddag-1536x1152.jpg 1536w, https:\/\/www.m4.nu\/wp-content\/uploads\/2024\/11\/gasamiddag-2048x1536.jpg 2048w, https:\/\/www.m4.nu\/wp-content\/uploads\/2024\/11\/gasamiddag-1568x1176.jpg 1568w\" sizes=\"auto, (max-width: 300px) 100vw, 300px\" \/><\/div><a class=\"wp-block-latest-posts__post-title\" href=\"https:\/\/www.m4.nu\/en\/firande-av-marten-gas-%f0%9f%8d%82%f0%9f%a6%a2\/\">Firande av M\u00e5rten G\u00e5s! \ud83c\udf42\ud83e\udda2<\/a><div class=\"wp-block-latest-posts__post-excerpt\">\ud83c\udf89 F\u00f6rra fredagen fick vi i G\u00f6teborg sk\u00e5nska influenser, och de sk\u00e5nska (men nu G\u00f6teborgsbaserade) kollegorna visade oss hur M\u00e5rtens g\u00e5s&#8230;<\/div><\/li>\n<li><div class=\"wp-block-latest-posts__featured-image\"><img loading=\"lazy\" decoding=\"async\" width=\"300\" height=\"200\" src=\"https:\/\/www.m4.nu\/wp-content\/uploads\/2024\/11\/pexels-olly-3777952-300x200.jpg\" class=\"attachment-medium size-medium wp-post-image\" alt=\"\" style=\"\" srcset=\"https:\/\/www.m4.nu\/wp-content\/uploads\/2024\/11\/pexels-olly-3777952-300x200.jpg 300w, https:\/\/www.m4.nu\/wp-content\/uploads\/2024\/11\/pexels-olly-3777952-1024x683.jpg 1024w, https:\/\/www.m4.nu\/wp-content\/uploads\/2024\/11\/pexels-olly-3777952-768x512.jpg 768w, https:\/\/www.m4.nu\/wp-content\/uploads\/2024\/11\/pexels-olly-3777952-1536x1024.jpg 1536w, https:\/\/www.m4.nu\/wp-content\/uploads\/2024\/11\/pexels-olly-3777952-2048x1365.jpg 2048w, https:\/\/www.m4.nu\/wp-content\/uploads\/2024\/11\/pexels-olly-3777952-1568x1045.jpg 1568w\" sizes=\"auto, (max-width: 300px) 100vw, 300px\" \/><\/div><a class=\"wp-block-latest-posts__post-title\" href=\"https:\/\/www.m4.nu\/en\/%f0%9f%8c%8d-det-ar-movember-lat-oss-gora-skillnad-tillsammans-%f0%9f%8c%8d\/\">\ud83c\udf0d Det \u00e4r Movember \u2013 l\u00e5t oss g\u00f6ra skillnad tillsammans! \ud83c\udf0d<\/a><div class=\"wp-block-latest-posts__post-excerpt\">\ud83c\udf0d Det \u00e4r Movember \u2013 l\u00e5t oss g\u00f6ra skillnad tillsammans! \ud83c\udf0d Vi har nu g\u00e5tt ur rosa oktober med en fin&#8230;<\/div><\/li>\n<li><div class=\"wp-block-latest-posts__featured-image\"><img loading=\"lazy\" decoding=\"async\" width=\"300\" height=\"174\" src=\"https:\/\/www.m4.nu\/wp-content\/uploads\/2024\/10\/m4-kaka-300x174.png\" class=\"attachment-medium size-medium wp-post-image\" alt=\"\" style=\"\" srcset=\"https:\/\/www.m4.nu\/wp-content\/uploads\/2024\/10\/m4-kaka-300x174.png 300w, https:\/\/www.m4.nu\/wp-content\/uploads\/2024\/10\/m4-kaka.png 653w\" sizes=\"auto, (max-width: 300px) 100vw, 300px\" \/><\/div><a class=\"wp-block-latest-posts__post-title\" href=\"https:\/\/www.m4.nu\/en\/kaka-karlek-och-gemenskap\/\">Kaka, k\u00e4rlek och gemenskap!<\/a><div class=\"wp-block-latest-posts__post-excerpt\">Kaka, k\u00e4rlek och gemenskap! \u00c4ntligen har vi f\u00e5tt fira den \u00e5rliga m4-kakdagen, en dag fylld av gl\u00e4dje, gemenskap och massor av&#8230;<\/div><\/li>\n<li><div class=\"wp-block-latest-posts__featured-image\"><img loading=\"lazy\" decoding=\"async\" width=\"300\" height=\"225\" src=\"https:\/\/www.m4.nu\/wp-content\/uploads\/2024\/08\/malmogangetbaerlin-300x225.png\" class=\"attachment-medium size-medium wp-post-image\" alt=\"\" style=\"\" srcset=\"https:\/\/www.m4.nu\/wp-content\/uploads\/2024\/08\/malmogangetbaerlin-300x225.png 300w, https:\/\/www.m4.nu\/wp-content\/uploads\/2024\/08\/malmogangetbaerlin-1024x768.png 1024w, https:\/\/www.m4.nu\/wp-content\/uploads\/2024\/08\/malmogangetbaerlin-768x576.png 768w, https:\/\/www.m4.nu\/wp-content\/uploads\/2024\/08\/malmogangetbaerlin-1536x1152.png 1536w, https:\/\/www.m4.nu\/wp-content\/uploads\/2024\/08\/malmogangetbaerlin-2048x1536.png 2048w, https:\/\/www.m4.nu\/wp-content\/uploads\/2024\/08\/malmogangetbaerlin-1568x1176.png 1568w\" sizes=\"auto, (max-width: 300px) 100vw, 300px\" \/><\/div><a class=\"wp-block-latest-posts__post-title\" href=\"https:\/\/www.m4.nu\/en\/handelsefylld-host-pa-ingang\/\">H\u00e4ndelsefylld h\u00f6st p\u00e5 ing\u00e5ng!<\/a><div class=\"wp-block-latest-posts__post-excerpt\">\ud83c\udf38 En liten \u00e5terblick till en underbar v\u00e5rdag med syd-g\u00e4nget i Malm\u00f6, och nu hoppar vi in i h\u00f6stens etapp! \ud83c\udf41&#8230;<\/div><\/li>\n<\/ul>\n\n\n<p><\/p>\n<\/div><\/div>\n<\/div><\/div>\n<\/div>\n\n\n\n<div class=\"wp-block-column is-layout-flow wp-block-column-is-layout-flow\">\n<div class=\"wp-block-group alignfull\"><div class=\"wp-block-group__inner-container is-layout-flow wp-block-group-is-layout-flow\">\n<div class=\"wp-block-cover alignfull is-style-items-bottom\"><img loading=\"lazy\" decoding=\"async\" width=\"2560\" height=\"1707\" class=\"wp-block-cover__image-background wp-image-1734\" alt=\"\" src=\"https:\/\/www.m4.nu\/wp-content\/uploads\/2021\/03\/zzz3U1A0194-1-scaled.jpg\" data-object-fit=\"cover\" srcset=\"https:\/\/www.m4.nu\/wp-content\/uploads\/2021\/03\/zzz3U1A0194-1-scaled.jpg 2560w, https:\/\/www.m4.nu\/wp-content\/uploads\/2021\/03\/zzz3U1A0194-1-300x200.jpg 300w, https:\/\/www.m4.nu\/wp-content\/uploads\/2021\/03\/zzz3U1A0194-1-1024x683.jpg 1024w, https:\/\/www.m4.nu\/wp-content\/uploads\/2021\/03\/zzz3U1A0194-1-768x512.jpg 768w, https:\/\/www.m4.nu\/wp-content\/uploads\/2021\/03\/zzz3U1A0194-1-1536x1024.jpg 1536w, https:\/\/www.m4.nu\/wp-content\/uploads\/2021\/03\/zzz3U1A0194-1-2048x1365.jpg 2048w, https:\/\/www.m4.nu\/wp-content\/uploads\/2021\/03\/zzz3U1A0194-1-1568x1045.jpg 1568w\" sizes=\"auto, (max-width: 2560px) 100vw, 2560px\" \/><div class=\"wp-block-cover__inner-container is-layout-flow wp-block-cover-is-layout-flow\">\n<div style=\"height:350px\" aria-hidden=\"true\" class=\"wp-block-spacer\"><\/div>\n\n\n\n<h3 class=\"wp-block-heading\"><strong>Meet<\/strong> Amanda<\/h3>\n\n\n\n<h1 class=\"display-2 has-text-color wp-block-heading\" style=\"color:#ffbf00\"><strong>\u2013 One of our Colleagues<\/strong><\/h1>\n\n\n\n<div class=\"wp-block-button is-style-m4-standard-button\"><a class=\"wp-block-button__link has-text-color has-background\" href=\"https:\/\/www.m4.nu\/en\/coworker\/amanda-rydin\/\" style=\"background-color:#ffffff;color:#000000\">Read more<\/a><\/div>\n\n\n\n<p><\/p>\n<\/div><\/div>\n<\/div><\/div>\n\n\n\n<div class=\"wp-block-group alignfull has-background\" style=\"background-color:#0071a1\"><div class=\"wp-block-group__inner-container is-layout-flow wp-block-group-is-layout-flow\">\n<h3 class=\"no-max-width has-text-color wp-block-heading\" style=\"color:#ffffff\"><strong>Become our new colleague<\/strong><\/h3>\n\n\n\n<h1 class=\"no-max-width has-text-color wp-block-heading\" style=\"color:#0096d7\"><strong>Freedom to choose.<br>Chance to make a difference.<\/strong><\/h1>\n\n\n\n<div class=\"wp-block-button is-style-m4-standard-button\"><a class=\"wp-block-button__link has-text-color has-background\" href=\"https:\/\/www.m4.nu\/en\/work-with-us\/\" style=\"background-color:#ffffff;color:#000000\">Apply to M4<\/a><\/div>\n<\/div><\/div>\n<\/div>\n<\/div>\n<\/div><\/div>\n","protected":false},"excerpt":{"rendered":"<p>News Become our new colleague Freedom to choose.Chance to make a difference.<\/p>\n","protected":false},"author":2,"featured_media":0,"parent":0,"menu_order":0,"comment_status":"closed","ping_status":"closed","template":"","meta":{"_acf_changed":false,"footnotes":""},"class_list":["post-1567","page","type-page","status-publish","hentry"],"acf":[],"yoast_head":"<!-- This site is optimized with the Yoast SEO plugin v27.4 - https:\/\/yoast.com\/product\/yoast-seo-wordpress\/ -->\n<title>m4 - The consulting company of the future - M4<\/title>\n<meta name=\"robots\" content=\"index, follow, max-snippet:-1, max-image-preview:large, max-video-preview:-1\" \/>\n<link rel=\"canonical\" href=\"https:\/\/www.m4.nu\/en\/\" \/>\n<meta property=\"og:locale\" content=\"en_US\" \/>\n<meta property=\"og:type\" content=\"article\" \/>\n<meta property=\"og:title\" content=\"m4 - The consulting company of the future - M4\" \/>\n<meta property=\"og:description\" content=\"News Become our new colleague Freedom to choose.Chance to make a difference.\" \/>\n<meta property=\"og:url\" content=\"https:\/\/www.m4.nu\/en\/\" \/>\n<meta property=\"og:site_name\" content=\"M4\" \/>\n<meta property=\"article:modified_time\" content=\"2021-06-11T08:50:18+00:00\" \/>\n<meta property=\"og:image\" content=\"https:\/\/www.m4.nu\/wp-content\/uploads\/2021\/03\/zzz3U1A0194-1-scaled.jpg\" \/>\n<meta name=\"twitter:card\" content=\"summary_large_image\" \/>\n<meta name=\"twitter:label1\" content=\"Est. reading time\" \/>\n\t<meta name=\"twitter:data1\" content=\"1 minute\" \/>\n<script type=\"application\/ld+json\" class=\"yoast-schema-graph\">{\"@context\":\"https:\\\/\\\/schema.org\",\"@graph\":[{\"@type\":\"WebPage\",\"@id\":\"https:\\\/\\\/www.m4.nu\\\/en\\\/\",\"url\":\"https:\\\/\\\/www.m4.nu\\\/en\\\/\",\"name\":\"m4 - The consulting company of the future - M4\",\"isPartOf\":{\"@id\":\"https:\\\/\\\/www.m4.nu\\\/en\\\/#website\"},\"primaryImageOfPage\":{\"@id\":\"https:\\\/\\\/www.m4.nu\\\/en\\\/#primaryimage\"},\"image\":{\"@id\":\"https:\\\/\\\/www.m4.nu\\\/en\\\/#primaryimage\"},\"thumbnailUrl\":\"https:\\\/\\\/www.m4.nu\\\/wp-content\\\/uploads\\\/2021\\\/03\\\/zzz3U1A0194-1-scaled.jpg\",\"datePublished\":\"2019-11-28T09:09:24+00:00\",\"dateModified\":\"2021-06-11T08:50:18+00:00\",\"breadcrumb\":{\"@id\":\"https:\\\/\\\/www.m4.nu\\\/en\\\/#breadcrumb\"},\"inLanguage\":\"en-US\",\"potentialAction\":[{\"@type\":\"ReadAction\",\"target\":[\"https:\\\/\\\/www.m4.nu\\\/en\\\/\"]}]},{\"@type\":\"ImageObject\",\"inLanguage\":\"en-US\",\"@id\":\"https:\\\/\\\/www.m4.nu\\\/en\\\/#primaryimage\",\"url\":\"https:\\\/\\\/www.m4.nu\\\/wp-content\\\/uploads\\\/2021\\\/03\\\/zzz3U1A0194-1-scaled.jpg\",\"contentUrl\":\"https:\\\/\\\/www.m4.nu\\\/wp-content\\\/uploads\\\/2021\\\/03\\\/zzz3U1A0194-1-scaled.jpg\"},{\"@type\":\"BreadcrumbList\",\"@id\":\"https:\\\/\\\/www.m4.nu\\\/en\\\/#breadcrumb\",\"itemListElement\":[{\"@type\":\"ListItem\",\"position\":1,\"name\":\"Home\",\"item\":\"https:\\\/\\\/www.m4.nu\\\/en\\\/\"},{\"@type\":\"ListItem\",\"position\":2,\"name\":\"m4 &#8211; The consulting company of the future\"}]},{\"@type\":\"WebSite\",\"@id\":\"https:\\\/\\\/www.m4.nu\\\/en\\\/#website\",\"url\":\"https:\\\/\\\/www.m4.nu\\\/en\\\/\",\"name\":\"M4\",\"description\":\"m4-framtidens konsultbolag\",\"publisher\":{\"@id\":\"https:\\\/\\\/www.m4.nu\\\/en\\\/#organization\"},\"potentialAction\":[{\"@type\":\"SearchAction\",\"target\":{\"@type\":\"EntryPoint\",\"urlTemplate\":\"https:\\\/\\\/www.m4.nu\\\/en\\\/?s={search_term_string}\"},\"query-input\":{\"@type\":\"PropertyValueSpecification\",\"valueRequired\":true,\"valueName\":\"search_term_string\"}}],\"inLanguage\":\"en-US\"},{\"@type\":\"Organization\",\"@id\":\"https:\\\/\\\/www.m4.nu\\\/en\\\/#organization\",\"name\":\"M4\",\"url\":\"https:\\\/\\\/www.m4.nu\\\/en\\\/\",\"logo\":{\"@type\":\"ImageObject\",\"inLanguage\":\"en-US\",\"@id\":\"https:\\\/\\\/www.m4.nu\\\/en\\\/#\\\/schema\\\/logo\\\/image\\\/\",\"url\":\"https:\\\/\\\/www.m4.nu\\\/wp-content\\\/uploads\\\/2019\\\/11\\\/cropped-m4_logotyp_CMYK.png\",\"contentUrl\":\"https:\\\/\\\/www.m4.nu\\\/wp-content\\\/uploads\\\/2019\\\/11\\\/cropped-m4_logotyp_CMYK.png\",\"width\":103,\"height\":100,\"caption\":\"M4\"},\"image\":{\"@id\":\"https:\\\/\\\/www.m4.nu\\\/en\\\/#\\\/schema\\\/logo\\\/image\\\/\"}}]}<\/script>\n<!-- \/ Yoast SEO plugin. -->","yoast_head_json":{"title":"m4 - The consulting company of the future - M4","robots":{"index":"index","follow":"follow","max-snippet":"max-snippet:-1","max-image-preview":"max-image-preview:large","max-video-preview":"max-video-preview:-1"},"canonical":"https:\/\/www.m4.nu\/en\/","og_locale":"en_US","og_type":"article","og_title":"m4 - The consulting company of the future - M4","og_description":"News Become our new colleague Freedom to choose.Chance to make a difference.","og_url":"https:\/\/www.m4.nu\/en\/","og_site_name":"M4","article_modified_time":"2021-06-11T08:50:18+00:00","og_image":[{"url":"https:\/\/www.m4.nu\/wp-content\/uploads\/2021\/03\/zzz3U1A0194-1-scaled.jpg","type":"","width":"","height":""}],"twitter_card":"summary_large_image","twitter_misc":{"Est. reading time":"1 minute"},"schema":{"@context":"https:\/\/schema.org","@graph":[{"@type":"WebPage","@id":"https:\/\/www.m4.nu\/en\/","url":"https:\/\/www.m4.nu\/en\/","name":"m4 - The consulting company of the future - M4","isPartOf":{"@id":"https:\/\/www.m4.nu\/en\/#website"},"primaryImageOfPage":{"@id":"https:\/\/www.m4.nu\/en\/#primaryimage"},"image":{"@id":"https:\/\/www.m4.nu\/en\/#primaryimage"},"thumbnailUrl":"https:\/\/www.m4.nu\/wp-content\/uploads\/2021\/03\/zzz3U1A0194-1-scaled.jpg","datePublished":"2019-11-28T09:09:24+00:00","dateModified":"2021-06-11T08:50:18+00:00","breadcrumb":{"@id":"https:\/\/www.m4.nu\/en\/#breadcrumb"},"inLanguage":"en-US","potentialAction":[{"@type":"ReadAction","target":["https:\/\/www.m4.nu\/en\/"]}]},{"@type":"ImageObject","inLanguage":"en-US","@id":"https:\/\/www.m4.nu\/en\/#primaryimage","url":"https:\/\/www.m4.nu\/wp-content\/uploads\/2021\/03\/zzz3U1A0194-1-scaled.jpg","contentUrl":"https:\/\/www.m4.nu\/wp-content\/uploads\/2021\/03\/zzz3U1A0194-1-scaled.jpg"},{"@type":"BreadcrumbList","@id":"https:\/\/www.m4.nu\/en\/#breadcrumb","itemListElement":[{"@type":"ListItem","position":1,"name":"Home","item":"https:\/\/www.m4.nu\/en\/"},{"@type":"ListItem","position":2,"name":"m4 &#8211; The consulting company of the future"}]},{"@type":"WebSite","@id":"https:\/\/www.m4.nu\/en\/#website","url":"https:\/\/www.m4.nu\/en\/","name":"M4","description":"m4-framtidens konsultbolag","publisher":{"@id":"https:\/\/www.m4.nu\/en\/#organization"},"potentialAction":[{"@type":"SearchAction","target":{"@type":"EntryPoint","urlTemplate":"https:\/\/www.m4.nu\/en\/?s={search_term_string}"},"query-input":{"@type":"PropertyValueSpecification","valueRequired":true,"valueName":"search_term_string"}}],"inLanguage":"en-US"},{"@type":"Organization","@id":"https:\/\/www.m4.nu\/en\/#organization","name":"M4","url":"https:\/\/www.m4.nu\/en\/","logo":{"@type":"ImageObject","inLanguage":"en-US","@id":"https:\/\/www.m4.nu\/en\/#\/schema\/logo\/image\/","url":"https:\/\/www.m4.nu\/wp-content\/uploads\/2019\/11\/cropped-m4_logotyp_CMYK.png","contentUrl":"https:\/\/www.m4.nu\/wp-content\/uploads\/2019\/11\/cropped-m4_logotyp_CMYK.png","width":103,"height":100,"caption":"M4"},"image":{"@id":"https:\/\/www.m4.nu\/en\/#\/schema\/logo\/image\/"}}]}},"_links":{"self":[{"href":"https:\/\/www.m4.nu\/en\/wp-json\/wp\/v2\/pages\/1567","targetHints":{"allow":["GET"]}}],"collection":[{"href":"https:\/\/www.m4.nu\/en\/wp-json\/wp\/v2\/pages"}],"about":[{"href":"https:\/\/www.m4.nu\/en\/wp-json\/wp\/v2\/types\/page"}],"author":[{"embeddable":true,"href":"https:\/\/www.m4.nu\/en\/wp-json\/wp\/v2\/users\/2"}],"replies":[{"embeddable":true,"href":"https:\/\/www.m4.nu\/en\/wp-json\/wp\/v2\/comments?post=1567"}],"version-history":[{"count":13,"href":"https:\/\/www.m4.nu\/en\/wp-json\/wp\/v2\/pages\/1567\/revisions"}],"predecessor-version":[{"id":2000,"href":"https:\/\/www.m4.nu\/en\/wp-json\/wp\/v2\/pages\/1567\/revisions\/2000"}],"wp:attachment":[{"href":"https:\/\/www.m4.nu\/en\/wp-json\/wp\/v2\/media?parent=1567"}],"curies":[{"name":"wp","href":"https:\/\/api.w.org\/{rel}","templated":true}]}}