{"id":1888,"date":"2020-01-31T14:28:58","date_gmt":"2020-01-31T13:28:58","guid":{"rendered":"https:\/\/www.m4.nu\/contact\/"},"modified":"2024-05-09T11:04:34","modified_gmt":"2024-05-09T09:04:34","slug":"contact","status":"publish","type":"page","link":"https:\/\/www.m4.nu\/en\/contact\/","title":{"rendered":"Contact"},"content":{"rendered":"\n<div class=\"wp-block-cover alignfull is-light is-style-items-bottom\" style=\"min-height:600px;aspect-ratio:unset;\"><span aria-hidden=\"true\" class=\"wp-block-cover__background has-background-dim-0 has-background-dim\"><\/span><img loading=\"lazy\" decoding=\"async\" width=\"1900\" height=\"1267\" class=\"wp-block-cover__image-background wp-image-69\" alt=\"\" src=\"https:\/\/www.m4.nu\/wp-content\/uploads\/2020\/01\/x3U1A5064.jpg\" style=\"object-position:100% 37%\" data-object-fit=\"cover\" data-object-position=\"100% 37%\" srcset=\"https:\/\/www.m4.nu\/wp-content\/uploads\/2020\/01\/x3U1A5064.jpg 1900w, https:\/\/www.m4.nu\/wp-content\/uploads\/2020\/01\/x3U1A5064-300x200.jpg 300w, https:\/\/www.m4.nu\/wp-content\/uploads\/2020\/01\/x3U1A5064-1024x683.jpg 1024w, https:\/\/www.m4.nu\/wp-content\/uploads\/2020\/01\/x3U1A5064-768x512.jpg 768w, https:\/\/www.m4.nu\/wp-content\/uploads\/2020\/01\/x3U1A5064-1536x1024.jpg 1536w, https:\/\/www.m4.nu\/wp-content\/uploads\/2020\/01\/x3U1A5064-1568x1046.jpg 1568w\" sizes=\"auto, (max-width: 1900px) 100vw, 1900px\" \/><div class=\"wp-block-cover__inner-container is-layout-flow wp-block-cover-is-layout-flow\">\n<h1 class=\"wp-block-heading display-2 has-text-color\" style=\"color:#00b2ff\">One organization, four regions<\/h1>\n\n\n\n<h3 class=\"wp-block-heading text-shadow-text\">We have offices in six cities and operate in southern and central Sweden.<br> Here you will find information and contact persons for each office.<\/h3>\n<\/div><\/div>\n\n\n\n<div class=\"wp-block-group alignfull is-style-remove-padding-group has-background\" style=\"background-color:#000000\"><div class=\"wp-block-group__inner-container is-layout-flow wp-block-group-is-layout-flow\">\n<div class=\"wp-block-media-text alignfull is-vertically-aligned-center is-image-fill\"><figure class=\"wp-block-media-text__media\" style=\"background-image:url(https:\/\/www.m4.nu\/wp-content\/uploads\/2019\/11\/Flyg-Halmstad-2-1024x768.jpg);background-position:45% 53%\"><img loading=\"lazy\" decoding=\"async\" width=\"1024\" height=\"768\" src=\"https:\/\/www.m4.nu\/wp-content\/uploads\/2019\/11\/Flyg-Halmstad-2-1024x768.jpg\" alt=\"\" class=\"wp-image-15 size-full\" srcset=\"https:\/\/www.m4.nu\/wp-content\/uploads\/2019\/11\/Flyg-Halmstad-2-1024x768.jpg 1024w, https:\/\/www.m4.nu\/wp-content\/uploads\/2019\/11\/Flyg-Halmstad-2-300x225.jpg 300w, https:\/\/www.m4.nu\/wp-content\/uploads\/2019\/11\/Flyg-Halmstad-2-768x576.jpg 768w, https:\/\/www.m4.nu\/wp-content\/uploads\/2019\/11\/Flyg-Halmstad-2-1536x1152.jpg 1536w, https:\/\/www.m4.nu\/wp-content\/uploads\/2019\/11\/Flyg-Halmstad-2-2048x1536.jpg 2048w, https:\/\/www.m4.nu\/wp-content\/uploads\/2019\/11\/Flyg-Halmstad-2-1568x1176.jpg 1568w\" sizes=\"auto, (max-width: 1024px) 100vw, 1024px\" \/><\/figure><div class=\"wp-block-media-text__content\">\n<div style=\"height:50px\" aria-hidden=\"true\" class=\"wp-block-spacer\"><\/div>\n\n\n\n<h1 class=\"wp-block-heading has-text-color\" style=\"color:#ffffff\"><strong>Halmstad<\/strong><\/h1>\n\n\n\n<h1 class=\"wp-block-heading has-text-color\" style=\"color:#ffffff\"><br>M4 Solutions Halland<br>Tre hj\u00e4rtans v\u00e4g 2<br>302 41 Halmstad<\/h1>\n\n\n\n<div class=\"wp-block-button is-style-m4-standard-button\"><a class=\"wp-block-button__link has-text-color has-background wp-element-button\" href=\"https:\/\/www.m4.nu\/en\/halmstad\/\" style=\"color:#000000;background-color:#00affd\">Contact Us<\/a><\/div>\n\n\n\n<div style=\"height:50px\" aria-hidden=\"true\" class=\"wp-block-spacer\"><\/div>\n\n\n\n<p><\/p>\n<\/div><\/div>\n\n\n\n<div class=\"wp-block-media-text alignfull has-media-on-the-right is-vertically-aligned-center is-image-fill\"><div class=\"wp-block-media-text__content\">\n<div style=\"height:50px\" aria-hidden=\"true\" class=\"wp-block-spacer\"><\/div>\n\n\n\n<h1 class=\"wp-block-heading has-text-color\" style=\"color:#ffffff\"><strong>Gothenburg<\/strong><\/h1>\n\n\n\n<h1 class=\"wp-block-heading has-text-color\" style=\"color:#ffffff\"><br>M4 Solutions V\u00e4st<br>Bror Nilssons gata 5<br>417 55 Gothenburg<\/h1>\n\n\n\n<div class=\"wp-block-button is-style-m4-standard-button\"><a class=\"wp-block-button__link has-text-color has-background wp-element-button\" href=\"https:\/\/www.m4.nu\/en\/gothenburg\/\" style=\"color:#000000;background-color:#00affd\">Contact Us<\/a><\/div>\n\n\n\n<div style=\"height:50px\" aria-hidden=\"true\" class=\"wp-block-spacer use-on-mobile\"><\/div>\n\n\n\n<div style=\"height:50px\" aria-hidden=\"true\" class=\"wp-block-spacer\"><\/div>\n<\/div><figure class=\"wp-block-media-text__media\" style=\"background-image:url(https:\/\/www.m4.nu\/wp-content\/uploads\/2019\/11\/Barken_Viking_i_Go\u0308teborg-1024x673.jpg);background-position:48% 71%\"><img loading=\"lazy\" decoding=\"async\" width=\"1024\" height=\"673\" src=\"https:\/\/www.m4.nu\/wp-content\/uploads\/2019\/11\/Barken_Viking_i_Go\u0308teborg-1024x673.jpg\" alt=\"\" class=\"wp-image-14 size-full\" srcset=\"https:\/\/www.m4.nu\/wp-content\/uploads\/2019\/11\/Barken_Viking_i_Go\u0308teborg-1024x673.jpg 1024w, https:\/\/www.m4.nu\/wp-content\/uploads\/2019\/11\/Barken_Viking_i_Go\u0308teborg-300x197.jpg 300w, https:\/\/www.m4.nu\/wp-content\/uploads\/2019\/11\/Barken_Viking_i_Go\u0308teborg-768x504.jpg 768w, https:\/\/www.m4.nu\/wp-content\/uploads\/2019\/11\/Barken_Viking_i_Go\u0308teborg-1536x1009.jpg 1536w, https:\/\/www.m4.nu\/wp-content\/uploads\/2019\/11\/Barken_Viking_i_Go\u0308teborg-2048x1345.jpg 2048w, https:\/\/www.m4.nu\/wp-content\/uploads\/2019\/11\/Barken_Viking_i_Go\u0308teborg-1568x1030.jpg 1568w\" sizes=\"auto, (max-width: 1024px) 100vw, 1024px\" \/><\/figure><\/div>\n\n\n\n<div class=\"wp-block-media-text alignfull is-vertically-aligned-center is-image-fill\"><figure class=\"wp-block-media-text__media\" style=\"background-image:url(https:\/\/www.m4.nu\/wp-content\/uploads\/2020\/03\/pontus-ohlsson-oLVwyChOWBY-unsplash-1024x576.jpg);background-position:66% 48%\"><img loading=\"lazy\" decoding=\"async\" width=\"1024\" height=\"576\" src=\"https:\/\/www.m4.nu\/wp-content\/uploads\/2020\/03\/pontus-ohlsson-oLVwyChOWBY-unsplash-1024x576.jpg\" alt=\"\" class=\"wp-image-330 size-full\" srcset=\"https:\/\/www.m4.nu\/wp-content\/uploads\/2020\/03\/pontus-ohlsson-oLVwyChOWBY-unsplash-1024x576.jpg 1024w, https:\/\/www.m4.nu\/wp-content\/uploads\/2020\/03\/pontus-ohlsson-oLVwyChOWBY-unsplash-300x169.jpg 300w, https:\/\/www.m4.nu\/wp-content\/uploads\/2020\/03\/pontus-ohlsson-oLVwyChOWBY-unsplash-768x432.jpg 768w, https:\/\/www.m4.nu\/wp-content\/uploads\/2020\/03\/pontus-ohlsson-oLVwyChOWBY-unsplash-1536x863.jpg 1536w, https:\/\/www.m4.nu\/wp-content\/uploads\/2020\/03\/pontus-ohlsson-oLVwyChOWBY-unsplash-1568x881.jpg 1568w, https:\/\/www.m4.nu\/wp-content\/uploads\/2020\/03\/pontus-ohlsson-oLVwyChOWBY-unsplash.jpg 1749w\" sizes=\"auto, (max-width: 1024px) 100vw, 1024px\" \/><\/figure><div class=\"wp-block-media-text__content\">\n<div style=\"height:50px\" aria-hidden=\"true\" class=\"wp-block-spacer\"><\/div>\n\n\n\n<h1 class=\"wp-block-heading has-text-color\" style=\"color:#ffffff\"><strong>Malm\u00f6<\/strong><\/h1>\n\n\n\n<p class=\"has-text-color has-large-font-size\" style=\"color:#ffffff\"><br>M4 Solutions Syd<br>Kalendegatan 25<br>211 35 Malm\u00f6<\/p>\n\n\n\n<div class=\"wp-block-button is-style-m4-standard-button\"><a class=\"wp-block-button__link has-text-color has-background wp-element-button\" href=\"https:\/\/www.m4.nu\/en\/malmo\/\" style=\"color:#000000;background-color:#00affd\">Contact Us<\/a><\/div>\n\n\n\n<div style=\"height:50px\" aria-hidden=\"true\" class=\"wp-block-spacer use-on-mobile\"><\/div>\n\n\n\n<div style=\"height:50px\" aria-hidden=\"true\" class=\"wp-block-spacer\"><\/div>\n<\/div><\/div>\n\n\n\n<div class=\"wp-block-media-text alignfull has-media-on-the-right is-vertically-aligned-center is-image-fill\"><div class=\"wp-block-media-text__content\">\n<div style=\"height:50px\" aria-hidden=\"true\" class=\"wp-block-spacer use-on-mobile\"><\/div>\n\n\n\n<h1 class=\"wp-block-heading has-text-color\" style=\"color:#ffffff\"><strong>Stockholm<\/strong><\/h1>\n\n\n\n<h1 class=\"wp-block-heading has-text-color\" style=\"color:#ffffff\"><br>M4 Solutions M\u00e4lardalen<br>Magnus Ladul\u00e5sgatan 1<br>118 65 Stockholm<\/h1>\n\n\n\n<div class=\"wp-block-button is-style-m4-standard-button\"><a class=\"wp-block-button__link has-text-color has-background wp-element-button\" href=\"https:\/\/www.m4.nu\/en\/stockholm\/\" style=\"color:#000000;background-color:#00affd\">Contact Us<\/a><\/div>\n\n\n\n<div style=\"height:50px\" aria-hidden=\"true\" class=\"wp-block-spacer use-on-mobile\"><\/div>\n\n\n\n<div style=\"height:50px\" aria-hidden=\"true\" class=\"wp-block-spacer\"><\/div>\n<\/div><figure class=\"wp-block-media-text__media\" style=\"background-image:url(https:\/\/www.m4.nu\/wp-content\/uploads\/2021\/03\/micael-widell-fPgooLPQB2Y-unsplash-1024x779.jpg);background-position:18% 76%\"><img loading=\"lazy\" decoding=\"async\" width=\"1024\" height=\"779\" src=\"https:\/\/www.m4.nu\/wp-content\/uploads\/2021\/03\/micael-widell-fPgooLPQB2Y-unsplash-1024x779.jpg\" alt=\"\" class=\"wp-image-1784 size-full\" srcset=\"https:\/\/www.m4.nu\/wp-content\/uploads\/2021\/03\/micael-widell-fPgooLPQB2Y-unsplash-1024x779.jpg 1024w, https:\/\/www.m4.nu\/wp-content\/uploads\/2021\/03\/micael-widell-fPgooLPQB2Y-unsplash-300x228.jpg 300w, https:\/\/www.m4.nu\/wp-content\/uploads\/2021\/03\/micael-widell-fPgooLPQB2Y-unsplash-768x584.jpg 768w, https:\/\/www.m4.nu\/wp-content\/uploads\/2021\/03\/micael-widell-fPgooLPQB2Y-unsplash-1536x1169.jpg 1536w, https:\/\/www.m4.nu\/wp-content\/uploads\/2021\/03\/micael-widell-fPgooLPQB2Y-unsplash-2048x1558.jpg 2048w, https:\/\/www.m4.nu\/wp-content\/uploads\/2021\/03\/micael-widell-fPgooLPQB2Y-unsplash-1568x1193.jpg 1568w\" sizes=\"auto, (max-width: 1024px) 100vw, 1024px\" \/><\/figure><\/div>\n\n\n\n<div class=\"wp-block-media-text alignfull is-vertically-aligned-center is-image-fill\"><figure class=\"wp-block-media-text__media\" style=\"background-image:url(https:\/\/www.m4.nu\/wp-content\/uploads\/2024\/02\/kristianstad-1024x682.jpg);background-position:60% 56%\"><img loading=\"lazy\" decoding=\"async\" width=\"1024\" height=\"682\" src=\"https:\/\/www.m4.nu\/wp-content\/uploads\/2024\/02\/kristianstad-1024x682.jpg\" alt=\"\" class=\"wp-image-2709 size-full\" srcset=\"https:\/\/www.m4.nu\/wp-content\/uploads\/2024\/02\/kristianstad-1024x682.jpg 1024w, https:\/\/www.m4.nu\/wp-content\/uploads\/2024\/02\/kristianstad-300x200.jpg 300w, https:\/\/www.m4.nu\/wp-content\/uploads\/2024\/02\/kristianstad-768x512.jpg 768w, https:\/\/www.m4.nu\/wp-content\/uploads\/2024\/02\/kristianstad-1536x1024.jpg 1536w, https:\/\/www.m4.nu\/wp-content\/uploads\/2024\/02\/kristianstad-1568x1045.jpg 1568w, https:\/\/www.m4.nu\/wp-content\/uploads\/2024\/02\/kristianstad.jpg 2000w\" sizes=\"auto, (max-width: 1024px) 100vw, 1024px\" \/><\/figure><div class=\"wp-block-media-text__content\">\n<div style=\"height:50px\" aria-hidden=\"true\" class=\"wp-block-spacer use-on-mobile\"><\/div>\n\n\n\n<h1 class=\"wp-block-heading has-text-color\" style=\"color:#ffffff\"><strong>Kristianstad \/ H\u00e4ssleholm<\/strong><\/h1>\n\n\n\n<p class=\"has-text-color has-large-font-size\" style=\"color:#ffffff\"><br>M4 Solutions Sydost<br>Industrigatan 2 <br>291 36 Kristianstad<\/p>\n\n\n\n<div class=\"wp-block-button is-style-m4-standard-button\"><a class=\"wp-block-button__link has-text-color has-background wp-element-button\" href=\"https:\/\/www.m4.nu\/en\/kristianstad-hassleholm\/\" style=\"color:#000000;background-color:#00affd\">Contact Us<\/a><\/div>\n\n\n\n<div style=\"height:50px\" aria-hidden=\"true\" class=\"wp-block-spacer use-on-mobile\"><\/div>\n\n\n\n<div style=\"height:50px\" aria-hidden=\"true\" class=\"wp-block-spacer\"><\/div>\n<\/div><\/div>\n<\/div><\/div>\n\n\n\n<p><\/p>\n","protected":false},"excerpt":{"rendered":"<p>Halmstad M4 Solutions HallandTre hj\u00e4rtans v\u00e4g 2302 41 Halmstad Gothenburg M4 Solutions V\u00e4stBror Nilssons gata 5417 55 Gothenburg Malm\u00f6 M4 Solutions SydKalendegatan 25211 35 Malm\u00f6 Stockholm M4 Solutions M\u00e4lardalenMagnus Ladul\u00e5sgatan 1118 65 Stockholm Kristianstad \/ H\u00e4ssleholm M4 Solutions SydostIndustrigatan 2 291 36 Kristianstad<\/p>\n","protected":false},"author":2,"featured_media":0,"parent":0,"menu_order":0,"comment_status":"closed","ping_status":"closed","template":"","meta":{"_acf_changed":false,"footnotes":""},"class_list":["post-1888","page","type-page","status-publish","hentry"],"acf":[],"yoast_head":"<!-- This site is optimized with the Yoast SEO plugin v27.5 - https:\/\/yoast.com\/product\/yoast-seo-wordpress\/ -->\n<title>Contact - M4<\/title>\n<meta name=\"robots\" content=\"index, follow, max-snippet:-1, max-image-preview:large, max-video-preview:-1\" \/>\n<link rel=\"canonical\" href=\"https:\/\/www.m4.nu\/en\/contact\/\" \/>\n<meta property=\"og:locale\" content=\"en_US\" \/>\n<meta property=\"og:type\" content=\"article\" \/>\n<meta property=\"og:title\" content=\"Contact - M4\" \/>\n<meta property=\"og:description\" content=\"Halmstad M4 Solutions HallandTre hj\u00e4rtans v\u00e4g 2302 41 Halmstad Gothenburg M4 Solutions V\u00e4stBror Nilssons gata 5417 55 Gothenburg Malm\u00f6 M4 Solutions SydKalendegatan 25211 35 Malm\u00f6 Stockholm M4 Solutions M\u00e4lardalenMagnus Ladul\u00e5sgatan 1118 65 Stockholm Kristianstad \/ H\u00e4ssleholm M4 Solutions SydostIndustrigatan 2 291 36 Kristianstad\" \/>\n<meta property=\"og:url\" content=\"https:\/\/www.m4.nu\/en\/contact\/\" \/>\n<meta property=\"og:site_name\" content=\"M4\" \/>\n<meta property=\"article:modified_time\" content=\"2024-05-09T09:04:34+00:00\" \/>\n<meta property=\"og:image\" content=\"https:\/\/www.m4.nu\/wp-content\/uploads\/2020\/01\/x3U1A5064.jpg\" \/>\n<meta name=\"twitter:card\" content=\"summary_large_image\" \/>\n<meta name=\"twitter:label1\" content=\"Est. reading time\" \/>\n\t<meta name=\"twitter:data1\" content=\"2 minutes\" \/>\n<script type=\"application\/ld+json\" class=\"yoast-schema-graph\">{\"@context\":\"https:\\\/\\\/schema.org\",\"@graph\":[{\"@type\":\"WebPage\",\"@id\":\"https:\\\/\\\/www.m4.nu\\\/en\\\/contact\\\/\",\"url\":\"https:\\\/\\\/www.m4.nu\\\/en\\\/contact\\\/\",\"name\":\"Contact - M4\",\"isPartOf\":{\"@id\":\"https:\\\/\\\/www.m4.nu\\\/en\\\/#website\"},\"primaryImageOfPage\":{\"@id\":\"https:\\\/\\\/www.m4.nu\\\/en\\\/contact\\\/#primaryimage\"},\"image\":{\"@id\":\"https:\\\/\\\/www.m4.nu\\\/en\\\/contact\\\/#primaryimage\"},\"thumbnailUrl\":\"https:\\\/\\\/www.m4.nu\\\/wp-content\\\/uploads\\\/2020\\\/01\\\/x3U1A5064.jpg\",\"datePublished\":\"2020-01-31T13:28:58+00:00\",\"dateModified\":\"2024-05-09T09:04:34+00:00\",\"breadcrumb\":{\"@id\":\"https:\\\/\\\/www.m4.nu\\\/en\\\/contact\\\/#breadcrumb\"},\"inLanguage\":\"en-US\",\"potentialAction\":[{\"@type\":\"ReadAction\",\"target\":[\"https:\\\/\\\/www.m4.nu\\\/en\\\/contact\\\/\"]}]},{\"@type\":\"ImageObject\",\"inLanguage\":\"en-US\",\"@id\":\"https:\\\/\\\/www.m4.nu\\\/en\\\/contact\\\/#primaryimage\",\"url\":\"https:\\\/\\\/www.m4.nu\\\/wp-content\\\/uploads\\\/2020\\\/01\\\/x3U1A5064.jpg\",\"contentUrl\":\"https:\\\/\\\/www.m4.nu\\\/wp-content\\\/uploads\\\/2020\\\/01\\\/x3U1A5064.jpg\"},{\"@type\":\"BreadcrumbList\",\"@id\":\"https:\\\/\\\/www.m4.nu\\\/en\\\/contact\\\/#breadcrumb\",\"itemListElement\":[{\"@type\":\"ListItem\",\"position\":1,\"name\":\"Home\",\"item\":\"https:\\\/\\\/www.m4.nu\\\/en\\\/\"},{\"@type\":\"ListItem\",\"position\":2,\"name\":\"Contact\"}]},{\"@type\":\"WebSite\",\"@id\":\"https:\\\/\\\/www.m4.nu\\\/en\\\/#website\",\"url\":\"https:\\\/\\\/www.m4.nu\\\/en\\\/\",\"name\":\"M4\",\"description\":\"m4-framtidens konsultbolag\",\"publisher\":{\"@id\":\"https:\\\/\\\/www.m4.nu\\\/en\\\/#organization\"},\"potentialAction\":[{\"@type\":\"SearchAction\",\"target\":{\"@type\":\"EntryPoint\",\"urlTemplate\":\"https:\\\/\\\/www.m4.nu\\\/en\\\/?s={search_term_string}\"},\"query-input\":{\"@type\":\"PropertyValueSpecification\",\"valueRequired\":true,\"valueName\":\"search_term_string\"}}],\"inLanguage\":\"en-US\"},{\"@type\":\"Organization\",\"@id\":\"https:\\\/\\\/www.m4.nu\\\/en\\\/#organization\",\"name\":\"M4\",\"url\":\"https:\\\/\\\/www.m4.nu\\\/en\\\/\",\"logo\":{\"@type\":\"ImageObject\",\"inLanguage\":\"en-US\",\"@id\":\"https:\\\/\\\/www.m4.nu\\\/en\\\/#\\\/schema\\\/logo\\\/image\\\/\",\"url\":\"https:\\\/\\\/www.m4.nu\\\/wp-content\\\/uploads\\\/2019\\\/11\\\/cropped-m4_logotyp_CMYK.png\",\"contentUrl\":\"https:\\\/\\\/www.m4.nu\\\/wp-content\\\/uploads\\\/2019\\\/11\\\/cropped-m4_logotyp_CMYK.png\",\"width\":103,\"height\":100,\"caption\":\"M4\"},\"image\":{\"@id\":\"https:\\\/\\\/www.m4.nu\\\/en\\\/#\\\/schema\\\/logo\\\/image\\\/\"}}]}<\/script>\n<!-- \/ Yoast SEO plugin. -->","yoast_head_json":{"title":"Contact - M4","robots":{"index":"index","follow":"follow","max-snippet":"max-snippet:-1","max-image-preview":"max-image-preview:large","max-video-preview":"max-video-preview:-1"},"canonical":"https:\/\/www.m4.nu\/en\/contact\/","og_locale":"en_US","og_type":"article","og_title":"Contact - M4","og_description":"Halmstad M4 Solutions HallandTre hj\u00e4rtans v\u00e4g 2302 41 Halmstad Gothenburg M4 Solutions V\u00e4stBror Nilssons gata 5417 55 Gothenburg Malm\u00f6 M4 Solutions SydKalendegatan 25211 35 Malm\u00f6 Stockholm M4 Solutions M\u00e4lardalenMagnus Ladul\u00e5sgatan 1118 65 Stockholm Kristianstad \/ H\u00e4ssleholm M4 Solutions SydostIndustrigatan 2 291 36 Kristianstad","og_url":"https:\/\/www.m4.nu\/en\/contact\/","og_site_name":"M4","article_modified_time":"2024-05-09T09:04:34+00:00","og_image":[{"url":"https:\/\/www.m4.nu\/wp-content\/uploads\/2020\/01\/x3U1A5064.jpg","type":"","width":"","height":""}],"twitter_card":"summary_large_image","twitter_misc":{"Est. reading time":"2 minutes"},"schema":{"@context":"https:\/\/schema.org","@graph":[{"@type":"WebPage","@id":"https:\/\/www.m4.nu\/en\/contact\/","url":"https:\/\/www.m4.nu\/en\/contact\/","name":"Contact - M4","isPartOf":{"@id":"https:\/\/www.m4.nu\/en\/#website"},"primaryImageOfPage":{"@id":"https:\/\/www.m4.nu\/en\/contact\/#primaryimage"},"image":{"@id":"https:\/\/www.m4.nu\/en\/contact\/#primaryimage"},"thumbnailUrl":"https:\/\/www.m4.nu\/wp-content\/uploads\/2020\/01\/x3U1A5064.jpg","datePublished":"2020-01-31T13:28:58+00:00","dateModified":"2024-05-09T09:04:34+00:00","breadcrumb":{"@id":"https:\/\/www.m4.nu\/en\/contact\/#breadcrumb"},"inLanguage":"en-US","potentialAction":[{"@type":"ReadAction","target":["https:\/\/www.m4.nu\/en\/contact\/"]}]},{"@type":"ImageObject","inLanguage":"en-US","@id":"https:\/\/www.m4.nu\/en\/contact\/#primaryimage","url":"https:\/\/www.m4.nu\/wp-content\/uploads\/2020\/01\/x3U1A5064.jpg","contentUrl":"https:\/\/www.m4.nu\/wp-content\/uploads\/2020\/01\/x3U1A5064.jpg"},{"@type":"BreadcrumbList","@id":"https:\/\/www.m4.nu\/en\/contact\/#breadcrumb","itemListElement":[{"@type":"ListItem","position":1,"name":"Home","item":"https:\/\/www.m4.nu\/en\/"},{"@type":"ListItem","position":2,"name":"Contact"}]},{"@type":"WebSite","@id":"https:\/\/www.m4.nu\/en\/#website","url":"https:\/\/www.m4.nu\/en\/","name":"M4","description":"m4-framtidens konsultbolag","publisher":{"@id":"https:\/\/www.m4.nu\/en\/#organization"},"potentialAction":[{"@type":"SearchAction","target":{"@type":"EntryPoint","urlTemplate":"https:\/\/www.m4.nu\/en\/?s={search_term_string}"},"query-input":{"@type":"PropertyValueSpecification","valueRequired":true,"valueName":"search_term_string"}}],"inLanguage":"en-US"},{"@type":"Organization","@id":"https:\/\/www.m4.nu\/en\/#organization","name":"M4","url":"https:\/\/www.m4.nu\/en\/","logo":{"@type":"ImageObject","inLanguage":"en-US","@id":"https:\/\/www.m4.nu\/en\/#\/schema\/logo\/image\/","url":"https:\/\/www.m4.nu\/wp-content\/uploads\/2019\/11\/cropped-m4_logotyp_CMYK.png","contentUrl":"https:\/\/www.m4.nu\/wp-content\/uploads\/2019\/11\/cropped-m4_logotyp_CMYK.png","width":103,"height":100,"caption":"M4"},"image":{"@id":"https:\/\/www.m4.nu\/en\/#\/schema\/logo\/image\/"}}]}},"_links":{"self":[{"href":"https:\/\/www.m4.nu\/en\/wp-json\/wp\/v2\/pages\/1888","targetHints":{"allow":["GET"]}}],"collection":[{"href":"https:\/\/www.m4.nu\/en\/wp-json\/wp\/v2\/pages"}],"about":[{"href":"https:\/\/www.m4.nu\/en\/wp-json\/wp\/v2\/types\/page"}],"author":[{"embeddable":true,"href":"https:\/\/www.m4.nu\/en\/wp-json\/wp\/v2\/users\/2"}],"replies":[{"embeddable":true,"href":"https:\/\/www.m4.nu\/en\/wp-json\/wp\/v2\/comments?post=1888"}],"version-history":[{"count":26,"href":"https:\/\/www.m4.nu\/en\/wp-json\/wp\/v2\/pages\/1888\/revisions"}],"predecessor-version":[{"id":2768,"href":"https:\/\/www.m4.nu\/en\/wp-json\/wp\/v2\/pages\/1888\/revisions\/2768"}],"wp:attachment":[{"href":"https:\/\/www.m4.nu\/en\/wp-json\/wp\/v2\/media?parent=1888"}],"curies":[{"name":"wp","href":"https:\/\/api.w.org\/{rel}","templated":true}]}}